{"id":10,"date":"2014-08-19T11:18:50","date_gmt":"2014-08-19T09:18:50","guid":{"rendered":"http:\/\/wpress.km-galerie.de\/?page_id=10"},"modified":"2023-07-25T21:17:12","modified_gmt":"2023-07-25T19:17:12","slug":"vita","status":"publish","type":"page","link":"http:\/\/wpress.km-galerie.de\/?page_id=10","title":{"rendered":"Vita"},"content":{"rendered":"<p><strong>1912<\/strong> am 8. Januar in Neuhaus-Schierschnitz bei Sonneberg in Th\u00fcringen geboren<a href=\"http:\/\/wpress.km-galerie.de\/wp-content\/uploads\/2014\/05\/IMG1_0001.tif.jpg\"><br \/>\n<img loading=\"lazy\" decoding=\"async\" class=\"alignleft size-thumbnail wp-image-7\" src=\"http:\/\/wpress.km-galerie.de\/wp-content\/uploads\/2014\/05\/IMG1_0001.tif-150x150.jpg\" alt=\"IMG1_0001.tif\" width=\"150\" height=\"150\"><\/a><br \/>\n<strong>1918 &#8211; 26<\/strong> Besuch der Volksschule, beginnende Neigung zum Zeichnen und Malen<br \/>\n<strong>1926 &#8211; 29<\/strong> Besuch der Fachschule f\u00fcr angewandte Kunst in Sonneberg<br \/>\n<strong>1929 &#8211; 31<\/strong> erste Versuche im Zeichnen von Menschen, Tieren und Landschaften<br \/>\n<strong>1931<\/strong> Beginn des Studiums an der Weimarer Kunsthochschule bei den Professoren Olbricht, Klemm und Gugg; Naturstudium fig\u00fcrliches Zeichnen und Aktstudium; Meistersch\u00fcler im Weimarer Prellerhaus; Studium der Wandmalerei<br \/>\n<strong>1935<\/strong> Karl Meusel verl\u00e4\u00dft die Weimarer Hochschule aus pol. Gr\u00fcnden<br \/>\n<strong>1935 &#8211; 40<\/strong> Mitarbeiter des Studiums f\u00fcr Wandmalerei in Oberweimar<br \/>\n<strong>1940 &#8211; 45<\/strong> Milit\u00e4rdienst, Verwundung und Gefangenschaft; Entlassung nach Gotha<br \/>\n<strong>1946<\/strong> Mitglied der Gewerkschaft 17 (Kunst und Schrifttum) und freischaffender K\u00fcnstler<br \/>\n<strong>1947<\/strong> Mitglied der Jury der &#8222;1. Landesausstellung bildender K\u00fcnstler Th\u00fcringens&#8220;, Erfurt<br \/>\n<strong>1947 &#8211; 55<\/strong> Ausstellungen in Erfurt, Jena, Gotha, Weimar, Sonneberg<br \/>\n<strong>1957 &#8211; 59<\/strong> Krankheit<br \/>\n<strong>1960 &#8211; 66<\/strong> Aufenthalt in Gotha<br \/>\n<strong>1966<\/strong> \u00dcbersiedlung nach Oberellen bei Eisenach<a href=\"http:\/\/wpress.km-galerie.de\/wp-content\/uploads\/2014\/08\/P1020905-1-e1408611593907.jpg\"><img loading=\"lazy\" decoding=\"async\" class=\"alignleft wp-image-85 size-thumbnail\" src=\"http:\/\/wpress.km-galerie.de\/wp-content\/uploads\/2014\/08\/P1020905-1-e1408611650181-143x150.jpg\" alt=\"\" width=\"143\" height=\"150\"><\/a><br \/>\n<strong>1974<\/strong> Beteiligung an der Kabinettausstellung &#8222;Das grafische Bildnis in der DDR seit 1945&#8220;<br \/>\n<strong>1975<\/strong> Ausstellungsbeteiligung &#8222;Th\u00fcringer Landschaft in Grafik&#8220; im Schlo\u00dfmuseum Gotha<br \/>\n<strong>1980<\/strong> Ausstellung im Kunstkabinett Suhl<br \/>\n<strong>1986<\/strong> am 29. Mai in Eisenach im Alter von 74 Jahren verstorben<\/p>\n","protected":false},"excerpt":{"rendered":"<p>1912 am 8. Januar in Neuhaus-Schierschnitz bei Sonneberg in Th\u00fcringen geboren 1918 &#8211; 26 Besuch der Volksschule, beginnende Neigung zum Zeichnen und Malen 1926 &#8211; 29 Besuch der Fachschule f\u00fcr angewandte Kunst in Sonneberg 1929 &#8211; 31 erste Versuche im Zeichnen von Menschen, Tieren und Landschaften 1931 Beginn des Studiums an der Weimarer Kunsthochschule bei [&hellip;]<\/p>\n","protected":false},"author":1,"featured_media":0,"parent":0,"menu_order":1,"comment_status":"closed","ping_status":"closed","template":"page-templates\/full-width.php","meta":{"_exactmetrics_skip_tracking":false,"_exactmetrics_sitenote_active":false,"_exactmetrics_sitenote_note":"","_exactmetrics_sitenote_category":0,"footnotes":""},"class_list":["post-10","page","type-page","status-publish","hentry"],"_links":{"self":[{"href":"http:\/\/wpress.km-galerie.de\/index.php?rest_route=\/wp\/v2\/pages\/10","targetHints":{"allow":["GET"]}}],"collection":[{"href":"http:\/\/wpress.km-galerie.de\/index.php?rest_route=\/wp\/v2\/pages"}],"about":[{"href":"http:\/\/wpress.km-galerie.de\/index.php?rest_route=\/wp\/v2\/types\/page"}],"author":[{"embeddable":true,"href":"http:\/\/wpress.km-galerie.de\/index.php?rest_route=\/wp\/v2\/users\/1"}],"replies":[{"embeddable":true,"href":"http:\/\/wpress.km-galerie.de\/index.php?rest_route=%2Fwp%2Fv2%2Fcomments&post=10"}],"version-history":[{"count":8,"href":"http:\/\/wpress.km-galerie.de\/index.php?rest_route=\/wp\/v2\/pages\/10\/revisions"}],"predecessor-version":[{"id":98,"href":"http:\/\/wpress.km-galerie.de\/index.php?rest_route=\/wp\/v2\/pages\/10\/revisions\/98"}],"wp:attachment":[{"href":"http:\/\/wpress.km-galerie.de\/index.php?rest_route=%2Fwp%2Fv2%2Fmedia&parent=10"}],"curies":[{"name":"wp","href":"https:\/\/api.w.org\/{rel}","templated":true}]}}