{"id":12,"date":"2014-08-19T11:27:53","date_gmt":"2014-08-19T09:27:53","guid":{"rendered":"http:\/\/wpress.km-galerie.de\/?page_id=12"},"modified":"2014-08-19T11:40:05","modified_gmt":"2014-08-19T09:40:05","slug":"rezensionen","status":"publish","type":"page","link":"http:\/\/wpress.km-galerie.de\/?page_id=12","title":{"rendered":"Rezensionen"},"content":{"rendered":"<p><strong><span style=\"color: #584d4d;\">Gedanken zur Kunst von Karl Meusel,\u00a0<span style=\"color: #424242;\">Reinhild Schneider, 1993<\/span><\/span><\/strong><\/p>\n<p class=\"paragraph_style\" style=\"color: #584d4d;\"><span class=\"style_2\">Abstraktionen in Blau und Rot, malerisch in ihren Abstufungen, ausgef\u00fchrt in bewegtem, strengem, ja konsequentem Duktus. Des Menschen Antlitz auf kaltgr\u00fcnem oder rotem Grund erw\u00e4chst aus kraftvoller Lineatur in kaum zu \u00fcberbietender farblicher Spannung. Lineare Einfachheit der Umrisse, Verzicht auf schellende Detailformen &#8211; diese K\u00f6pfe beherrscht ein gesammelter Ernst, eine Art gotische Beseeltheit.\u00a0<\/span><\/p>\n<p class=\"paragraph_style\" style=\"color: #584d4d;\"><span class=\"style_2\">Kunst von Karl Meusel zwingt zum Hinsehen&#8230;<a title=\"Gedanken zur Kunst von Karl Meusel\" href=\"http:\/\/wpress.km-galerie.de\/?page_id=14\">&gt;&gt;<\/a><\/span><a title=\"Gedanken zur Kunst von Karl Meusel\" href=\"http:\/\/wpress.km-galerie.de\/?page_id=14\"><br \/>\n<\/a><!--more--><\/p>\n<p class=\"paragraph_style\" style=\"color: #584d4d;\"><strong>Ausstellung in Stadtroda,\u00a0Achim Heidemann<\/strong><\/p>\n<p class=\"paragraph_style\"><span class=\"style_5\">Im \u00c4rztehaus in Stadtroda gibt es auch weiterhin viertelj\u00e4hrlich wechselnde Pr\u00e4sentationen &#8222;bildender Kunst! Nachdem Dr. Lieselotte Haubenreiser, die vor 10 Jahren die &#8222;Galerie im \u00c4rztehaus&#8220; ins Leben rief, aus gesundheitlichen R\u00fccksichten aus dem Gestalter-Team ausschied, votierte Dr. Hans Amlacher, der neue \u00e4rztliche Direktor des Landesfachkrankenhauses f\u00fcr Psychiatrie und Neurologie, f\u00fcr den Erhalt der Galerie, so dass sich mehrere Angeh\u00f6rige dieser Einrichtung zur Mitarbeit bereit erkl\u00e4rten.\u00a0<\/span><\/p>\n<p class=\"paragraph_style\"><span class=\"style_5\">Die gegenw\u00e4rtige 42. Ausstellung zeigt kleinformatige Arbeiten auf Papier&#8230;<a title=\"Ausstellung in Stadtroda\" href=\"http:\/\/wpress.km-galerie.de\/?page_id=20\">&gt;&gt;<\/a><\/span><!--more--><\/p>\n","protected":false},"excerpt":{"rendered":"<p>Gedanken zur Kunst von Karl Meusel,\u00a0Reinhild Schneider, 1993 Abstraktionen in Blau und Rot, malerisch in ihren Abstufungen, ausgef\u00fchrt in bewegtem, strengem, ja konsequentem Duktus. Des Menschen Antlitz auf kaltgr\u00fcnem oder rotem Grund erw\u00e4chst aus kraftvoller Lineatur in kaum zu \u00fcberbietender farblicher Spannung. Lineare Einfachheit der Umrisse, Verzicht auf schellende Detailformen &#8211; diese K\u00f6pfe beherrscht ein [&hellip;]<\/p>\n","protected":false},"author":1,"featured_media":0,"parent":0,"menu_order":2,"comment_status":"closed","ping_status":"closed","template":"page-templates\/full-width.php","meta":{"_exactmetrics_skip_tracking":false,"_exactmetrics_sitenote_active":false,"_exactmetrics_sitenote_note":"","_exactmetrics_sitenote_category":0,"footnotes":""},"class_list":["post-12","page","type-page","status-publish","hentry"],"_links":{"self":[{"href":"http:\/\/wpress.km-galerie.de\/index.php?rest_route=\/wp\/v2\/pages\/12","targetHints":{"allow":["GET"]}}],"collection":[{"href":"http:\/\/wpress.km-galerie.de\/index.php?rest_route=\/wp\/v2\/pages"}],"about":[{"href":"http:\/\/wpress.km-galerie.de\/index.php?rest_route=\/wp\/v2\/types\/page"}],"author":[{"embeddable":true,"href":"http:\/\/wpress.km-galerie.de\/index.php?rest_route=\/wp\/v2\/users\/1"}],"replies":[{"embeddable":true,"href":"http:\/\/wpress.km-galerie.de\/index.php?rest_route=%2Fwp%2Fv2%2Fcomments&post=12"}],"version-history":[{"count":4,"href":"http:\/\/wpress.km-galerie.de\/index.php?rest_route=\/wp\/v2\/pages\/12\/revisions"}],"predecessor-version":[{"id":22,"href":"http:\/\/wpress.km-galerie.de\/index.php?rest_route=\/wp\/v2\/pages\/12\/revisions\/22"}],"wp:attachment":[{"href":"http:\/\/wpress.km-galerie.de\/index.php?rest_route=%2Fwp%2Fv2%2Fmedia&parent=12"}],"curies":[{"name":"wp","href":"https:\/\/api.w.org\/{rel}","templated":true}]}}